{"id":8,"date":"2025-05-01T11:47:16","date_gmt":"2025-05-01T09:47:16","guid":{"rendered":"https:\/\/bevadoro.it\/?page_id=8"},"modified":"2025-05-01T13:58:05","modified_gmt":"2025-05-01T11:58:05","slug":"home","status":"publish","type":"page","link":"https:\/\/bevadoro.it\/","title":{"rendered":"home"},"content":{"rendered":"\t\t<div data-elementor-type=\"wp-page\" data-elementor-id=\"8\" class=\"elementor elementor-8\">\n\t\t\t\t<div class=\"elementor-element elementor-element-a024b84 e-grid e-con-full e-con e-parent\" data-id=\"a024b84\" data-element_type=\"container\">\n\t\t\t\t<div class=\"elementor-element elementor-element-3ce9ebd elementor-widget elementor-widget-heading\" data-id=\"3ce9ebd\" data-element_type=\"widget\" data-widget_type=\"heading.default\">\n\t\t\t\t<div class=\"elementor-widget-container\">\n\t\t\t\t\t<h1 class=\"elementor-heading-title elementor-size-default\">Bevadoro.it<\/h1>\t\t\t\t<\/div>\n\t\t\t\t<\/div>\n\t\t\t\t<\/div>\n\t\t<div class=\"elementor-element elementor-element-ec9b829 e-grid e-con-full e-con e-parent\" data-id=\"ec9b829\" data-element_type=\"container\">\n\t\t<div class=\"elementor-element elementor-element-31c57c2 e-flex e-con-boxed e-con e-child\" data-id=\"31c57c2\" data-element_type=\"container\" data-settings=\"{&quot;background_background&quot;:&quot;classic&quot;}\">\n\t\t\t\t\t<div class=\"e-con-inner\">\n\t\t\t\t\t<\/div>\n\t\t\t\t<\/div>\n\t\t\t\t<div class=\"elementor-element elementor-element-c6a0859 elementor-widget elementor-widget-text-editor\" data-id=\"c6a0859\" data-element_type=\"widget\" data-widget_type=\"text-editor.default\">\n\t\t\t\t<div class=\"elementor-widget-container\">\n\t\t\t\t\t\t\t\t\t<p class=\"\" data-start=\"161\" data-end=\"389\">Questo sito \u00e8 un\u2019iniziativa privata, nata dal desiderio di contribuire al benessere della nostra comunit\u00e0.<br data-start=\"267\" data-end=\"270\" \/>Qui troverete informazioni, iniziative e proposte per rendere Bevadoro un posto ancora pi\u00f9 sicuro e vivibile per tutti.<\/p><p class=\"\" data-start=\"391\" data-end=\"635\"><strong data-start=\"391\" data-end=\"406\">Disclaimer:<\/strong><br data-start=\"406\" data-end=\"409\" \/>Questo non \u00e8 un sito ufficiale o istituzionale.<br data-start=\"456\" data-end=\"459\" \/>Non rappresenta in alcun modo il Comune o altri enti pubblici.<br data-start=\"521\" data-end=\"524\" \/>\u00c8 gestito da residenti con l\u2019obiettivo di migliorare la vita nel quartiere attraverso la partecipazione attiva.<\/p>\t\t\t\t\t\t\t\t<\/div>\n\t\t\t\t<\/div>\n\t\t\t\t<\/div>\n\t\t\t\t<\/div>\n\t\t","protected":false},"excerpt":{"rendered":"<p>Bevadoro.it Questo sito \u00e8 un\u2019iniziativa privata, nata dal desiderio di contribuire al benessere della nostra comunit\u00e0.Qui troverete informazioni, iniziative e proposte per rendere Bevadoro un posto ancora pi\u00f9 sicuro e vivibile per tutti. Disclaimer:Questo non \u00e8 un sito ufficiale o istituzionale.Non rappresenta in alcun modo il Comune o altri enti pubblici.\u00c8 gestito da residenti con [&hellip;]<\/p>\n","protected":false},"author":1,"featured_media":0,"parent":0,"menu_order":0,"comment_status":"closed","ping_status":"closed","template":"elementor_canvas","meta":{"footnotes":""},"class_list":["post-8","page","type-page","status-publish","hentry"],"_links":{"self":[{"href":"https:\/\/bevadoro.it\/index.php\/wp-json\/wp\/v2\/pages\/8","targetHints":{"allow":["GET"]}}],"collection":[{"href":"https:\/\/bevadoro.it\/index.php\/wp-json\/wp\/v2\/pages"}],"about":[{"href":"https:\/\/bevadoro.it\/index.php\/wp-json\/wp\/v2\/types\/page"}],"author":[{"embeddable":true,"href":"https:\/\/bevadoro.it\/index.php\/wp-json\/wp\/v2\/users\/1"}],"replies":[{"embeddable":true,"href":"https:\/\/bevadoro.it\/index.php\/wp-json\/wp\/v2\/comments?post=8"}],"version-history":[{"count":20,"href":"https:\/\/bevadoro.it\/index.php\/wp-json\/wp\/v2\/pages\/8\/revisions"}],"predecessor-version":[{"id":37,"href":"https:\/\/bevadoro.it\/index.php\/wp-json\/wp\/v2\/pages\/8\/revisions\/37"}],"wp:attachment":[{"href":"https:\/\/bevadoro.it\/index.php\/wp-json\/wp\/v2\/media?parent=8"}],"curies":[{"name":"wp","href":"https:\/\/api.w.org\/{rel}","templated":true}]}}